{"id":386,"date":"2021-04-13T21:29:47","date_gmt":"2021-04-14T00:29:47","guid":{"rendered":"https:\/\/www.congressoibdt.org.br\/?page_id=386"},"modified":"2025-02-11T17:13:41","modified_gmt":"2025-02-11T20:13:41","slug":"2021-2","status":"publish","type":"page","link":"https:\/\/congresso.ibdt.org.br\/en\/2021-2\/","title":{"rendered":"2021"},"content":{"rendered":"<div data-elementor-type=\"wp-page\" data-elementor-id=\"386\" class=\"elementor elementor-386\" data-elementor-post-type=\"page\">\n\t\t\t\t<div class=\"elementor-element elementor-element-6642c45 e-flex e-con-boxed e-con e-parent\" data-id=\"6642c45\" data-element_type=\"container\" data-e-type=\"container\">\n\t\t\t\t\t<div class=\"e-con-inner\">\n\t\t\t\t<div class=\"elementor-element elementor-element-4bc69864 elementor-widget elementor-widget-text-editor\" data-id=\"4bc69864\" data-element_type=\"widget\" data-e-type=\"widget\" data-widget_type=\"text-editor.default\">\n\t\t\t\t<div class=\"elementor-widget-container\">\n\t\t\t\t\t\t\t\t\t\n<p><img fetchpriority=\"high\" decoding=\"async\" title=\"banner hotsite2_2\" src=\"https:\/\/congresso.ibdt.org.br\/wp-content\/uploads\/2021\/04\/banner-hotsite2_2.png\" alt=\"banner hotsite2_2\" width=\"1350\" height=\"400\" \/><\/p>\n<p><img decoding=\"async\" title=\"IMAGEM REALIZA\u00c7\u00c3O\" src=\"https:\/\/congresso.ibdt.org.br\/wp-content\/uploads\/2021\/04\/IMAGEM-REALIZACAO.png\" alt=\"IMAGEM REALIZA\u00c7\u00c3O\" width=\"1200\" height=\"250\" \/><\/p>\n<ul>\n<li>Instabilidade e mudan\u00e7as jurisprudenciais<\/li>\n<\/ul>\n<ul>\n<li>A LINDB est\u00e1 influenciando os julgamentos em mat\u00e9ria tribut\u00e1ria?<\/li>\n<li>Arrecada\u00e7\u00e3o tribut\u00e1ria \u00e9 princ\u00edpio constitucional?<\/li>\n<li>\u00c9 poss\u00edvel a derrotabilidade das regras tribut\u00e1rias?<\/li>\n<\/ul>\n<ul>\n<li>RE 043.313 e ADI 5.277<\/li>\n<\/ul>\n<p><a href=\"\/en\/void(0)\/\" target=\"_self\" rel=\"noopener\"> 26\/05 <\/a><\/p>\n<ul>\n<li>Inconstitucionalidades do adicional de 1% da al\u00edquota da Cofins-Importa\u00e7\u00e3o e da veda\u00e7\u00e3o ao respectivo cr\u00e9dito &#8211; RE 1.178.310 (Tema 1.047)<\/li>\n<li>Exclus\u00f5es da base de c\u00e1lculo de PIS\/COFINS: ICMS (RE 574.706 \/ Tema 69), ISS (RE 592.616), ICMS-ST (RE 1.258.842), receitas transferidas (v.g. taxas de cart\u00e3o de cr\u00e9dito &#8211; RE 1.049.811)<\/li>\n<li>Processo de &#8220;inconstitucionaliza\u00e7\u00e3o&#8221; &#8211; o caso do PIS n\u00e3o cumulativo (RE 607.642)<\/li>\n<li>Constitucionalidade da contribui\u00e7\u00e3o ao SEBRAE (RE 603.624)<\/li>\n<li>Natureza jur\u00eddica do ter\u00e7o constitucional de f\u00e9rias, indenizadas ou gozadas, para fins de incid\u00eancia da contribui\u00e7\u00e3o previdenci\u00e1ria patronal &#8211; RE 1.072.485 e ARE 1.260.750<\/li>\n<li>Exclus\u00e3o de ICMS da base de c\u00e1lculo da CPRB &#8211; RE 1.187.264<\/li>\n<\/ul>\n<ul>\n<li>O caso da contribui\u00e7\u00e3o adicional para recompor o FGTS (RE 878.313, Tema 846).<\/li>\n<li>As CIDEs<\/li>\n<\/ul>\n<ul>\n<li>O caso do ITCMD em doa\u00e7\u00f5es\/heran\u00e7as provenientes do exterior (RE 851.108)<\/li>\n<li>A quest\u00e3o do qu\u00f3rum necess\u00e1rio para a modula\u00e7\u00e3o de efeitos<\/li>\n<\/ul>\n<p><a href=\"\/en\/void(0)\/\" target=\"_self\" rel=\"noopener\"> 27\/05 <\/a><\/p>\n<ul>\n<li>ICMS: n\u00e3o cumulatividade x veda\u00e7\u00e3o ao creditamento em opera\u00e7\u00f5es abrangidas por benef\u00edcio fiscal sem Conv\u00eanio &#8211; RE 628.075 (Tema 490)<\/li>\n<li>A imunidade de ITBI na integraliza\u00e7\u00e3o de capital aplica-se desde que o valor do bem seja integralmente destinado ao capital social (RE 796.376, Tema 796)<\/li>\n<li>ISS conceito de servi\u00e7os: farm\u00e1cia de manipula\u00e7\u00e3o (RE 605.552)<\/li>\n<li>ISS x ICMS nas opera\u00e7\u00f5es com software (ADIs 1.945 e 5.659)<\/li>\n<li>Defini\u00e7\u00e3o da base de c\u00e1lculo do ISS (2\u00ba AgRg RE 603.497\/MG)<\/li>\n<li>IPI na revenda de produtos importados (REs 979626 e 946648, Tema 906)<\/li>\n<\/ul>\n<ul>\n<li>O julgamento do STF quanto \u00e0 incid\u00eancia do ISS na loca\u00e7\u00e3o de ferrovias, rodovias, cabos e dutos quando a obriga\u00e7\u00e3o de fazer n\u00e3o puder ser segmentada das demais que comp\u00f5e a rela\u00e7\u00e3o complexa (ADI 3.142).<\/li>\n<li>CPC 47 &#8211; contratos de venda com montagem<\/li>\n<li>Plataformas virtuais de transa\u00e7\u00f5es imobili\u00e1rias<\/li>\n<li>Loca\u00e7\u00e3o e servi\u00e7os acess\u00f3rios<\/li>\n<\/ul>\n<ul>\n<li>Tributa\u00e7\u00e3o de subven\u00e7\u00f5es &#8211; Lei Complementar 160 x Solu\u00e7\u00e3o de Consulta COSIT 145\/2020<\/li>\n<li>\u00c1gio na aquisi\u00e7\u00e3o de participa\u00e7\u00e3o societ\u00e1ria remanescente x Solu\u00e7\u00e3o de Consulta COSIT 39\/2020<\/li>\n<li>Exclus\u00e3o do ICMS da base de c\u00e1lculo de PIS e COFINS x Solu\u00e7\u00f5es de Consulta COSIT 173\/2018 e 181\/2018<\/li>\n<\/ul>\n<p><a href=\"\/en\/void(0)\/\" target=\"_self\" rel=\"noopener\"> 28\/05 <\/a><\/p>\n<h4>E-book<\/h4>\n<p>Participants will receive a digital book with articles prepared by speakers on the topics covered at the Congress.<\/p>\n<h4>CERTIFICATE<\/h4>\n<p>Participants will receive a digital certificate of attendance if they attend at least 75% of the Congress panels.<\/p>\n<h4>Estudantes<\/h4>\n<ul>\n<li>Gradua\u00e7\u00e3o e P\u00f3s Gradua\u00e7\u00e3o<\/li>\n<\/ul>\n<h2>R$ 175,00<\/h2>\n<h4>Associados<\/h4>\n<ul>\n<li>IBDT e Entidades Apoiadoras<\/li>\n<\/ul>\n<h2>R$ 225,00<\/h2>\n<h4>P\u00fablico<\/h4>\n<ul>\n<li>Gradua\u00e7\u00e3o e P\u00f3s Gradua\u00e7\u00e3o<\/li>\n<\/ul>\n<h2>R$ 275,00<\/h2>\n<p><a role=\"button\" href=\"#\"> Inscreva-se! <\/a><\/p>\n<center><\/center>\n<p><a href=\"https:\/\/congresso.ibdt.org.br\/wp-content\/uploads\/2021\/04\/Edital-premio-Ruy-Barbosa-Nogueira.pdf\" target=\"_blank\" rel=\"noopener\"> <img decoding=\"async\" src=\"https:\/\/congresso.ibdt.org.br\/wp-content\/uploads\/2021\/04\/premio-hotsite_3.png\" alt=\"premio hotsite_3\" \/> <\/a> <img decoding=\"async\" title=\"BMA_Patrocinadores\" src=\"https:\/\/congresso.ibdt.org.br\/wp-content\/uploads\/2021\/04\/BMA_Patrocinadores.png\" alt=\"BMA_Patrocinadores\" width=\"300\" height=\"300\" \/> <img loading=\"lazy\" decoding=\"async\" title=\"Pinheiro Neto_Patrocinadores\" src=\"https:\/\/congresso.ibdt.org.br\/wp-content\/uploads\/2021\/04\/Pinheiro-Neto_Patrocinadores.png\" alt=\"Pinheiro Neto_Patrocinadores\" width=\"300\" height=\"300\" \/> <img loading=\"lazy\" decoding=\"async\" title=\"Demarest_Patrocinadores\" src=\"https:\/\/congresso.ibdt.org.br\/wp-content\/uploads\/2021\/04\/Demarest_Patrocinadores.png\" alt=\"Demarest_Patrocinadores\" width=\"300\" height=\"300\" \/> <img loading=\"lazy\" decoding=\"async\" title=\"Souto Correa_Patrocinadores\" src=\"https:\/\/congresso.ibdt.org.br\/wp-content\/uploads\/2021\/04\/Souto-Correa_Patrocinadores.png\" alt=\"Souto Correa_Patrocinadores\" width=\"300\" height=\"300\" \/> <img loading=\"lazy\" decoding=\"async\" title=\"Machado Meyer_Patrocinadores\" src=\"https:\/\/congresso.ibdt.org.br\/wp-content\/uploads\/2021\/04\/Machado-Meyer_Patrocinadores.png\" alt=\"Machado Meyer_Patrocinadores\" width=\"300\" height=\"300\" \/> <img loading=\"lazy\" decoding=\"async\" title=\"Tozzini_Patrocinadores\" src=\"https:\/\/congresso.ibdt.org.br\/wp-content\/uploads\/2021\/04\/Tozzini_Patrocinadores.png\" alt=\"Tozzini_Patrocinadores\" width=\"300\" height=\"300\" \/> <img loading=\"lazy\" decoding=\"async\" title=\"Apoiadores_Abradt\" src=\"https:\/\/congresso.ibdt.org.br\/wp-content\/uploads\/2021\/04\/Apoiadores_Abradt.png\" alt=\"Apoiadores_Abradt\" width=\"150\" height=\"150\" \/> <img loading=\"lazy\" decoding=\"async\" title=\"Apoiadores_IASP\" src=\"https:\/\/congresso.ibdt.org.br\/wp-content\/uploads\/2021\/04\/Apoiadores_IASP.png\" alt=\"Apoiadores_IASP\" width=\"150\" height=\"150\" \/> <img loading=\"lazy\" decoding=\"async\" title=\"Apoiadores_Academia Tribut\u00e1ria\" src=\"https:\/\/congresso.ibdt.org.br\/wp-content\/uploads\/2021\/04\/Apoiadores_Academia-Tributaria-1.png\" alt=\"Apoiadores_Academia Tribut\u00e1ria\" width=\"150\" height=\"150\" \/> <img loading=\"lazy\" decoding=\"async\" title=\"Apoiadores_FDRP\" src=\"https:\/\/congresso.ibdt.org.br\/wp-content\/uploads\/2021\/04\/Apoiadores_FDRP.png\" alt=\"Apoiadores_FDRP\" width=\"150\" height=\"150\" \/> <img loading=\"lazy\" decoding=\"async\" title=\"Apoiadores_CESA\" src=\"https:\/\/congresso.ibdt.org.br\/wp-content\/uploads\/2021\/04\/Apoiadores_CESA.png\" alt=\"Apoiadores_CESA\" width=\"150\" height=\"150\" \/> <img loading=\"lazy\" decoding=\"async\" title=\"Apoiadores_IET\" src=\"https:\/\/congresso.ibdt.org.br\/wp-content\/uploads\/2021\/04\/Apoiadores_IET.png\" alt=\"Apoiadores_IET\" width=\"150\" height=\"150\" \/> <img loading=\"lazy\" decoding=\"async\" title=\"Apoiadores_Faculdade Fipecafi\" src=\"https:\/\/congresso.ibdt.org.br\/wp-content\/uploads\/2021\/04\/Apoiadores_Faculdade-Fipecafi.png\" alt=\"Apoiadores_Faculdade Fipecafi\" width=\"150\" height=\"150\" \/><\/p>\n\t\t\t\t\t\t\t\t<\/div>\n\t\t\t\t<\/div>\n\t\t\t\t\t<\/div>\n\t\t\t\t<\/div>\n\t\t\t\t<\/div>","protected":false},"excerpt":{"rendered":"","protected":false},"author":840,"featured_media":0,"parent":0,"menu_order":0,"comment_status":"closed","ping_status":"closed","template":"elementor_canvas","meta":{"site-sidebar-layout":"default","site-content-layout":"default","ast-site-content-layout":"default","site-content-style":"default","site-sidebar-style":"default","ast-global-header-display":"","ast-banner-title-visibility":"","ast-main-header-display":"","ast-hfb-above-header-display":"","ast-hfb-below-header-display":"","ast-hfb-mobile-header-display":"","site-post-title":"disabled","ast-breadcrumbs-content":"","ast-featured-img":"","footer-sml-layout":"","ast-disable-related-posts":"","theme-transparent-header-meta":"default","adv-header-id-meta":"","stick-header-meta":"","header-above-stick-meta":"","header-main-stick-meta":"","header-below-stick-meta":"","astra-migrate-meta-layouts":"default","ast-page-background-enabled":"default","ast-page-background-meta":{"desktop":{"background-color":"","background-image":"","background-repeat":"repeat","background-position":"center center","background-size":"auto","background-attachment":"scroll","background-type":"","background-media":"","overlay-type":"","overlay-color":"","overlay-opacity":"","overlay-gradient":""},"tablet":{"background-color":"","background-image":"","background-repeat":"repeat","background-position":"center center","background-size":"auto","background-attachment":"scroll","background-type":"","background-media":"","overlay-type":"","overlay-color":"","overlay-opacity":"","overlay-gradient":""},"mobile":{"background-color":"","background-image":"","background-repeat":"repeat","background-position":"center center","background-size":"auto","background-attachment":"scroll","background-type":"","background-media":"","overlay-type":"","overlay-color":"","overlay-opacity":"","overlay-gradient":""}},"ast-content-background-meta":{"desktop":{"background-color":"var(--ast-global-color-5)","background-image":"","background-repeat":"repeat","background-position":"center center","background-size":"auto","background-attachment":"scroll","background-type":"","background-media":"","overlay-type":"","overlay-color":"","overlay-opacity":"","overlay-gradient":""},"tablet":{"background-color":"var(--ast-global-color-5)","background-image":"","background-repeat":"repeat","background-position":"center center","background-size":"auto","background-attachment":"scroll","background-type":"","background-media":"","overlay-type":"","overlay-color":"","overlay-opacity":"","overlay-gradient":""},"mobile":{"background-color":"var(--ast-global-color-5)","background-image":"","background-repeat":"repeat","background-position":"center center","background-size":"auto","background-attachment":"scroll","background-type":"","background-media":"","overlay-type":"","overlay-color":"","overlay-opacity":"","overlay-gradient":""}},"footnotes":""},"class_list":["post-386","page","type-page","status-publish","hentry"],"_links":{"self":[{"href":"https:\/\/congresso.ibdt.org.br\/en\/wp-json\/wp\/v2\/pages\/386","targetHints":{"allow":["GET"]}}],"collection":[{"href":"https:\/\/congresso.ibdt.org.br\/en\/wp-json\/wp\/v2\/pages"}],"about":[{"href":"https:\/\/congresso.ibdt.org.br\/en\/wp-json\/wp\/v2\/types\/page"}],"author":[{"embeddable":true,"href":"https:\/\/congresso.ibdt.org.br\/en\/wp-json\/wp\/v2\/users\/840"}],"replies":[{"embeddable":true,"href":"https:\/\/congresso.ibdt.org.br\/en\/wp-json\/wp\/v2\/comments?post=386"}],"version-history":[{"count":0,"href":"https:\/\/congresso.ibdt.org.br\/en\/wp-json\/wp\/v2\/pages\/386\/revisions"}],"wp:attachment":[{"href":"https:\/\/congresso.ibdt.org.br\/en\/wp-json\/wp\/v2\/media?parent=386"}],"curies":[{"name":"wp","href":"https:\/\/api.w.org\/{rel}","templated":true}]}}